{"id":1865,"date":"2019-10-22T16:54:55","date_gmt":"2019-10-22T14:54:55","guid":{"rendered":"https:\/\/sismo-technology.com\/cofragem-sismo\/"},"modified":"2023-11-02T11:30:50","modified_gmt":"2023-11-02T10:30:50","slug":"cofragem-sismo","status":"publish","type":"page","link":"https:\/\/sismo-technology.com\/pt-pt\/cofragem-sismo\/","title":{"rendered":"COFRAGEM SISMO"},"content":{"rendered":"","protected":false},"excerpt":{"rendered":"","protected":false},"author":1,"featured_media":0,"parent":0,"menu_order":0,"comment_status":"closed","ping_status":"closed","template":"","meta":{"content-type":"","footnotes":""},"acf":[],"yoast_head":"<!-- This site is optimized with the Yoast SEO plugin v21.3 - https:\/\/yoast.com\/wordpress\/plugins\/seo\/ -->\n<title>Pain\u00e9is de cofragem para bet\u00e3o com isolamento SISMO, descubra os nossos m\u00f3dulos!<\/title>\n<meta name=\"robots\" content=\"index, follow, max-snippet:-1, max-image-preview:large, max-video-preview:-1\" \/>\n<link rel=\"canonical\" href=\"https:\/\/sismo-technology.com\/pt-pt\/cofragem-sismo\/\" \/>\n<meta property=\"og:locale\" content=\"pt_PT\" \/>\n<meta property=\"og:type\" content=\"article\" \/>\n<meta property=\"og:title\" content=\"Pain\u00e9is de cofragem para bet\u00e3o com isolamento SISMO, descubra os nossos m\u00f3dulos!\" \/>\n<meta property=\"og:url\" content=\"https:\/\/sismo-technology.com\/pt-pt\/cofragem-sismo\/\" \/>\n<meta property=\"og:site_name\" content=\"Sismo France\" \/>\n<meta property=\"article:modified_time\" content=\"2023-11-02T10:30:50+00:00\" \/>\n<meta name=\"twitter:card\" content=\"summary_large_image\" \/>\n<script type=\"application\/ld+json\" class=\"yoast-schema-graph\">{\"@context\":\"https:\/\/schema.org\",\"@graph\":[{\"@type\":\"WebPage\",\"@id\":\"https:\/\/sismo-technology.com\/pt-pt\/cofragem-sismo\/\",\"url\":\"https:\/\/sismo-technology.com\/pt-pt\/cofragem-sismo\/\",\"name\":\"Pain\u00e9is de cofragem para bet\u00e3o com isolamento SISMO, descubra os nossos m\u00f3dulos!\",\"isPartOf\":{\"@id\":\"https:\/\/sismo-technology.com\/pt-pt\/#website\"},\"datePublished\":\"2019-10-22T14:54:55+00:00\",\"dateModified\":\"2023-11-02T10:30:50+00:00\",\"breadcrumb\":{\"@id\":\"https:\/\/sismo-technology.com\/pt-pt\/cofragem-sismo\/#breadcrumb\"},\"inLanguage\":\"pt-PT\",\"potentialAction\":[{\"@type\":\"ReadAction\",\"target\":[\"https:\/\/sismo-technology.com\/pt-pt\/cofragem-sismo\/\"]}]},{\"@type\":\"BreadcrumbList\",\"@id\":\"https:\/\/sismo-technology.com\/pt-pt\/cofragem-sismo\/#breadcrumb\",\"itemListElement\":[{\"@type\":\"ListItem\",\"position\":1,\"name\":\"Home\",\"item\":\"https:\/\/sismo-technology.com\/pt-pt\/inicio\/\"},{\"@type\":\"ListItem\",\"position\":2,\"name\":\"COFRAGEM SISMO\"}]},{\"@type\":\"WebSite\",\"@id\":\"https:\/\/sismo-technology.com\/pt-pt\/#website\",\"url\":\"https:\/\/sismo-technology.com\/pt-pt\/\",\"name\":\"Sismo France\",\"description\":\"Pain\u00e9is de cofragem de alto desempenho\",\"potentialAction\":[{\"@type\":\"SearchAction\",\"target\":{\"@type\":\"EntryPoint\",\"urlTemplate\":\"https:\/\/sismo-technology.com\/pt-pt\/?s={search_term_string}\"},\"query-input\":\"required name=search_term_string\"}],\"inLanguage\":\"pt-PT\"}]}<\/script>\n<!-- \/ Yoast SEO plugin. -->","yoast_head_json":{"title":"Pain\u00e9is de cofragem para bet\u00e3o com isolamento SISMO, descubra os nossos m\u00f3dulos!","robots":{"index":"index","follow":"follow","max-snippet":"max-snippet:-1","max-image-preview":"max-image-preview:large","max-video-preview":"max-video-preview:-1"},"canonical":"https:\/\/sismo-technology.com\/pt-pt\/cofragem-sismo\/","og_locale":"pt_PT","og_type":"article","og_title":"Pain\u00e9is de cofragem para bet\u00e3o com isolamento SISMO, descubra os nossos m\u00f3dulos!","og_url":"https:\/\/sismo-technology.com\/pt-pt\/cofragem-sismo\/","og_site_name":"Sismo France","article_modified_time":"2023-11-02T10:30:50+00:00","twitter_card":"summary_large_image","schema":{"@context":"https:\/\/schema.org","@graph":[{"@type":"WebPage","@id":"https:\/\/sismo-technology.com\/pt-pt\/cofragem-sismo\/","url":"https:\/\/sismo-technology.com\/pt-pt\/cofragem-sismo\/","name":"Pain\u00e9is de cofragem para bet\u00e3o com isolamento SISMO, descubra os nossos m\u00f3dulos!","isPartOf":{"@id":"https:\/\/sismo-technology.com\/pt-pt\/#website"},"datePublished":"2019-10-22T14:54:55+00:00","dateModified":"2023-11-02T10:30:50+00:00","breadcrumb":{"@id":"https:\/\/sismo-technology.com\/pt-pt\/cofragem-sismo\/#breadcrumb"},"inLanguage":"pt-PT","potentialAction":[{"@type":"ReadAction","target":["https:\/\/sismo-technology.com\/pt-pt\/cofragem-sismo\/"]}]},{"@type":"BreadcrumbList","@id":"https:\/\/sismo-technology.com\/pt-pt\/cofragem-sismo\/#breadcrumb","itemListElement":[{"@type":"ListItem","position":1,"name":"Home","item":"https:\/\/sismo-technology.com\/pt-pt\/inicio\/"},{"@type":"ListItem","position":2,"name":"COFRAGEM SISMO"}]},{"@type":"WebSite","@id":"https:\/\/sismo-technology.com\/pt-pt\/#website","url":"https:\/\/sismo-technology.com\/pt-pt\/","name":"Sismo France","description":"Pain\u00e9is de cofragem de alto desempenho","potentialAction":[{"@type":"SearchAction","target":{"@type":"EntryPoint","urlTemplate":"https:\/\/sismo-technology.com\/pt-pt\/?s={search_term_string}"},"query-input":"required name=search_term_string"}],"inLanguage":"pt-PT"}]}},"_links":{"self":[{"href":"https:\/\/sismo-technology.com\/pt-pt\/wp-json\/wp\/v2\/pages\/1865"}],"collection":[{"href":"https:\/\/sismo-technology.com\/pt-pt\/wp-json\/wp\/v2\/pages"}],"about":[{"href":"https:\/\/sismo-technology.com\/pt-pt\/wp-json\/wp\/v2\/types\/page"}],"author":[{"embeddable":true,"href":"https:\/\/sismo-technology.com\/pt-pt\/wp-json\/wp\/v2\/users\/1"}],"replies":[{"embeddable":true,"href":"https:\/\/sismo-technology.com\/pt-pt\/wp-json\/wp\/v2\/comments?post=1865"}],"version-history":[{"count":14,"href":"https:\/\/sismo-technology.com\/pt-pt\/wp-json\/wp\/v2\/pages\/1865\/revisions"}],"predecessor-version":[{"id":1942,"href":"https:\/\/sismo-technology.com\/pt-pt\/wp-json\/wp\/v2\/pages\/1865\/revisions\/1942"}],"wp:attachment":[{"href":"https:\/\/sismo-technology.com\/pt-pt\/wp-json\/wp\/v2\/media?parent=1865"}],"curies":[{"name":"wp","href":"https:\/\/api.w.org\/{rel}","templated":true}]}}