{"id":1866,"date":"2019-10-19T14:11:05","date_gmt":"2019-10-19T12:11:05","guid":{"rendered":"https:\/\/sismo-technology.com\/beneficios\/"},"modified":"2019-10-19T14:11:05","modified_gmt":"2019-10-19T12:11:05","slug":"beneficios","status":"publish","type":"page","link":"https:\/\/sismo-technology.com\/pt-pt\/beneficios\/","title":{"rendered":"Benef\u00edcios"},"content":{"rendered":"","protected":false},"excerpt":{"rendered":"","protected":false},"author":1,"featured_media":0,"parent":0,"menu_order":0,"comment_status":"closed","ping_status":"closed","template":"","meta":{"content-type":"","footnotes":""},"acf":[],"yoast_head":"<!-- This site is optimized with the Yoast SEO plugin v21.3 - https:\/\/yoast.com\/wordpress\/plugins\/seo\/ -->\n<title>Pain\u00e9is de cofragem para bet\u00e3o Sismo, as vantagens para a constru\u00e7\u00e3o<\/title>\n<meta name=\"robots\" content=\"index, follow, max-snippet:-1, max-image-preview:large, max-video-preview:-1\" \/>\n<link rel=\"canonical\" href=\"https:\/\/sismo-technology.com\/pt-pt\/beneficios\/\" \/>\n<meta property=\"og:locale\" content=\"pt_PT\" \/>\n<meta property=\"og:type\" content=\"article\" \/>\n<meta property=\"og:title\" content=\"Pain\u00e9is de cofragem para bet\u00e3o Sismo, as vantagens para a constru\u00e7\u00e3o\" \/>\n<meta property=\"og:url\" content=\"https:\/\/sismo-technology.com\/pt-pt\/beneficios\/\" \/>\n<meta property=\"og:site_name\" content=\"Sismo France\" \/>\n<meta name=\"twitter:card\" content=\"summary_large_image\" \/>\n<script type=\"application\/ld+json\" class=\"yoast-schema-graph\">{\"@context\":\"https:\/\/schema.org\",\"@graph\":[{\"@type\":\"WebPage\",\"@id\":\"https:\/\/sismo-technology.com\/pt-pt\/beneficios\/\",\"url\":\"https:\/\/sismo-technology.com\/pt-pt\/beneficios\/\",\"name\":\"Pain\u00e9is de cofragem para bet\u00e3o Sismo, as vantagens para a constru\u00e7\u00e3o\",\"isPartOf\":{\"@id\":\"https:\/\/sismo-technology.com\/pt-pt\/#website\"},\"datePublished\":\"2019-10-19T12:11:05+00:00\",\"dateModified\":\"2019-10-19T12:11:05+00:00\",\"breadcrumb\":{\"@id\":\"https:\/\/sismo-technology.com\/pt-pt\/beneficios\/#breadcrumb\"},\"inLanguage\":\"pt-PT\",\"potentialAction\":[{\"@type\":\"ReadAction\",\"target\":[\"https:\/\/sismo-technology.com\/pt-pt\/beneficios\/\"]}]},{\"@type\":\"BreadcrumbList\",\"@id\":\"https:\/\/sismo-technology.com\/pt-pt\/beneficios\/#breadcrumb\",\"itemListElement\":[{\"@type\":\"ListItem\",\"position\":1,\"name\":\"Home\",\"item\":\"https:\/\/sismo-technology.com\/pt-pt\/inicio\/\"},{\"@type\":\"ListItem\",\"position\":2,\"name\":\"Benef\u00edcios\"}]},{\"@type\":\"WebSite\",\"@id\":\"https:\/\/sismo-technology.com\/pt-pt\/#website\",\"url\":\"https:\/\/sismo-technology.com\/pt-pt\/\",\"name\":\"Sismo France\",\"description\":\"Pain\u00e9is de cofragem de alto desempenho\",\"potentialAction\":[{\"@type\":\"SearchAction\",\"target\":{\"@type\":\"EntryPoint\",\"urlTemplate\":\"https:\/\/sismo-technology.com\/pt-pt\/?s={search_term_string}\"},\"query-input\":\"required name=search_term_string\"}],\"inLanguage\":\"pt-PT\"}]}<\/script>\n<!-- \/ Yoast SEO plugin. -->","yoast_head_json":{"title":"Pain\u00e9is de cofragem para bet\u00e3o Sismo, as vantagens para a constru\u00e7\u00e3o","robots":{"index":"index","follow":"follow","max-snippet":"max-snippet:-1","max-image-preview":"max-image-preview:large","max-video-preview":"max-video-preview:-1"},"canonical":"https:\/\/sismo-technology.com\/pt-pt\/beneficios\/","og_locale":"pt_PT","og_type":"article","og_title":"Pain\u00e9is de cofragem para bet\u00e3o Sismo, as vantagens para a constru\u00e7\u00e3o","og_url":"https:\/\/sismo-technology.com\/pt-pt\/beneficios\/","og_site_name":"Sismo France","twitter_card":"summary_large_image","schema":{"@context":"https:\/\/schema.org","@graph":[{"@type":"WebPage","@id":"https:\/\/sismo-technology.com\/pt-pt\/beneficios\/","url":"https:\/\/sismo-technology.com\/pt-pt\/beneficios\/","name":"Pain\u00e9is de cofragem para bet\u00e3o Sismo, as vantagens para a constru\u00e7\u00e3o","isPartOf":{"@id":"https:\/\/sismo-technology.com\/pt-pt\/#website"},"datePublished":"2019-10-19T12:11:05+00:00","dateModified":"2019-10-19T12:11:05+00:00","breadcrumb":{"@id":"https:\/\/sismo-technology.com\/pt-pt\/beneficios\/#breadcrumb"},"inLanguage":"pt-PT","potentialAction":[{"@type":"ReadAction","target":["https:\/\/sismo-technology.com\/pt-pt\/beneficios\/"]}]},{"@type":"BreadcrumbList","@id":"https:\/\/sismo-technology.com\/pt-pt\/beneficios\/#breadcrumb","itemListElement":[{"@type":"ListItem","position":1,"name":"Home","item":"https:\/\/sismo-technology.com\/pt-pt\/inicio\/"},{"@type":"ListItem","position":2,"name":"Benef\u00edcios"}]},{"@type":"WebSite","@id":"https:\/\/sismo-technology.com\/pt-pt\/#website","url":"https:\/\/sismo-technology.com\/pt-pt\/","name":"Sismo France","description":"Pain\u00e9is de cofragem de alto desempenho","potentialAction":[{"@type":"SearchAction","target":{"@type":"EntryPoint","urlTemplate":"https:\/\/sismo-technology.com\/pt-pt\/?s={search_term_string}"},"query-input":"required name=search_term_string"}],"inLanguage":"pt-PT"}]}},"_links":{"self":[{"href":"https:\/\/sismo-technology.com\/pt-pt\/wp-json\/wp\/v2\/pages\/1866"}],"collection":[{"href":"https:\/\/sismo-technology.com\/pt-pt\/wp-json\/wp\/v2\/pages"}],"about":[{"href":"https:\/\/sismo-technology.com\/pt-pt\/wp-json\/wp\/v2\/types\/page"}],"author":[{"embeddable":true,"href":"https:\/\/sismo-technology.com\/pt-pt\/wp-json\/wp\/v2\/users\/1"}],"replies":[{"embeddable":true,"href":"https:\/\/sismo-technology.com\/pt-pt\/wp-json\/wp\/v2\/comments?post=1866"}],"version-history":[{"count":0,"href":"https:\/\/sismo-technology.com\/pt-pt\/wp-json\/wp\/v2\/pages\/1866\/revisions"}],"wp:attachment":[{"href":"https:\/\/sismo-technology.com\/pt-pt\/wp-json\/wp\/v2\/media?parent=1866"}],"curies":[{"name":"wp","href":"https:\/\/api.w.org\/{rel}","templated":true}]}}